{"id":2828,"date":"2023-08-16T17:18:34","date_gmt":"2023-08-16T15:18:34","guid":{"rendered":"https:\/\/enportal.dev.lichtblick.io\/connect\/?page_id=2828"},"modified":"2025-09-02T10:50:43","modified_gmt":"2025-09-02T08:50:43","slug":"datenschutzerklaerung","status":"publish","type":"page","link":"https:\/\/www.enportal.de\/connect\/datenschutzerklaerung\/","title":{"rendered":"Datenschutzerkl\u00e4rung"},"content":{"rendered":"\r\n<p><strong>Allgemeiner Hinweis und Pflichtinformationen<br \/><\/strong><br \/><strong>Benennung der verantwortlichen Stelle<br \/><\/strong><br \/>Die verantwortliche Stelle f\u00fcr die Datenverarbeitung auf dieser Website ist:<br \/><br \/>enPORTAL GmbH<br \/>Assessor jur. Clemens Graf von Wedel<br \/>Moordiek 1 23820 Pronstorf<br \/><br \/>Zum <a href=\"https:\/\/www.enportal.de\/connect\/impressum\/\" data-type=\"page\" data-id=\"33\">enPORTAL Impressum<\/a><br \/><br \/>Die verantwortliche Stelle entscheidet allein oder gemeinsam mit anderen \u00fcber die Zwecke und Mittel der Verarbeitung von personenbezogenen Daten (z.B. Namen, Kontaktdaten o. \u00c4.).<br \/><br \/><strong>Personenbezogene Daten<br \/><\/strong>Wir erheben personenbezogene Daten (wie z. B. Name, Adresse, E-Mail-Adresse, Telefonnummer) nur in dem von Ihnen zur Verf\u00fcgung gestellten Umfang. Auf enPORTAL werden die Vertrags-, Verbrauch- und Kostendaten der Strom- und Gasabnahmestellen des Kunden auf Basis des Lastganges des letzten Kalenderjahres, aktueller Rechnungen sowie des g\u00fcltigen Strom- und Gasliefervertrags erfasst. In der Datenbank werden die Daten der Abnahmestellen des Kunden gespeichert, verarbeitet und einer Vielzahl von Anbietern zug\u00e4nglich gemacht. In diesem Zusammenhang erfolgt die Verarbeitung und Nutzung Ihrer personenbezogenen Daten ausschlie\u00dflich zur Erf\u00fcllung und Abwicklung vertraglicher Vereinbarungen und ausschlie\u00dflich im Zusammenhang mit der bestehenden Gesch\u00e4ftsverbindung. Nach vollst\u00e4ndiger Vertragsabwicklung werden die Daten zun\u00e4chst unter Ber\u00fccksichtigung gesetzlicher Aufbewahrungsfristen gespeichert und nach Fristablauf gel\u00f6scht, sofern Sie der weitergehenden Verarbeitung und Nutzung nicht zugestimmt haben.<br \/><br \/><strong>Nutzungsdaten<br \/><\/strong>Bei jedem Zugriff von Ihnen auf unsere Seite und bei jedem Abruf einer Datei werden Zugriffsdaten \u00fcber diesen Vorgang in einer Protokolldatei auf dem Server gespeichert, wie z.B. Dateiname der Seite, von der aus die aktuelle Seite oder Datei angefordert wurde, Datum und Uhrzeit der Anforderung, \u00dcbertragene Datenmenge, Zugriffsstatus, IP-Adresse etc. Diese Daten speichern wir in anonymisierter Form ausschlie\u00dflich zur Sicherstellung der Systemsicherheit, zur Nutzungsanalyse und zur Optimierung unseres Internetangebots.<br \/>Zum Zweck der Webseitenanalyse in unserem geschlossenen Bereich werden mit der Software Matomo der InnoCraft Ltd. <a class=\"c-link\" href=\"https:\/\/matomo.org\/\" target=\"_blank\" rel=\"noopener noreferrer\" data-stringify-link=\"https:\/\/matomo.org\/\" data-sk=\"tooltip_parent\">https:\/\/matomo.org\/<\/a>, 150 Willis St, 6011 Wellington, New Zealand automatisch Daten (IP-Adresse, Zeitpunkt des Besuchs, Ger\u00e4te- und Browser-Informationen sowie Informationen zu Ihrer Nutzung unserer Webseite, etc.) erhoben und auf unseren Servern gespeichert, aus denen pseudonyme Nutzungsprofile erstellt werden. Damit k\u00f6nnen zwar verschiedene Messungen und Webanalysen durchgef\u00fchrt werden, jedoch wird die Software ohne Verwendung von Cookies eingesetzt. Wenn Sie auch damit nicht einverstanden sind, k\u00f6nnen Sie die Erfassung durch Matomo in Ihren pers\u00f6nlichen Einstellungen verhindern. Es wird dann \u00fcber Ihren Browser ein Opt-Out-Cookie gesetzt, was zur Folge hat, dass Matomo keinerlei Sitzungsdaten erhebt. Bitte beachten Sie: Wenn Sie Ihre Cookies l\u00f6schen, wird auch das Opt-Out-Cookie gel\u00f6scht und muss von Ihnen erneut gesetzt werden. Die Datenverarbeitung durch Matomo findet dabei zu jeder Zeit direkt auf unseren eigenen Servern statt. Dabei bleiben die Daten so lange auf unseren Servern gespeichert, wie es f\u00fcr die gesch\u00e4ftlichen Zwecke notwendig ist oder es gesetzliche Aufbewahrungsfristen vorschreiben. Die Verarbeitung der Daten findet auf Grundlage unseres berechtigten Interesses (Art. 6 Abs. 1 lit. f DSGVO) statt. Wir haben ein berechtigtes Interesse daran, das Verhalten unserer Website-Besucher zu analysieren, um so unser Angebot technisch stetig weiter zu verbessern. Sofern eine entsprechende Einwilligung (Art. 6 Abs. 1 lit. a DSGVO) abgefragt wurde, erfolgt die Verarbeitung ausschlie\u00dflich auf dieser Grundlage. Die Einwilligung ist dabei jederzeit widerrufbar.<br \/><br \/><strong>Verwendung von Daten<br \/><\/strong>Wir speichern, verarbeiten und nutzen Ihre Daten im Rahmen der einschl\u00e4gigen datenschutzrechtlichen Bestimmungen. Wir erhalten f\u00fcr die Vermittlung von Vertr\u00e4gen im Produkt &#8222;enPORTAL connect verg\u00fctungspflichtig&#8220; seitens der Lieferanten eine Verg\u00fctung. Daf\u00fcr erheben, verarbeiten und nutzen wir die daf\u00fcr erforderlichen Daten auch f\u00fcr abrechnungsrelevante Zwecke.<br \/><br \/><strong>Zusendung von Werbung<br \/><\/strong>Wir nutzen Ihre Emailadresse unabh\u00e4ngig von der Vertragsabwicklung ausschlie\u00dflich f\u00fcr eigene Werbezwecke nur, sofern Sie dem ausdr\u00fccklich zugestimmt haben. Sie k\u00f6nnen dem jederzeit widersprechen. Die Kontaktdaten hierzu finden Sie in unserem Impressum.<br \/><br \/><strong>Weitergabe personenbezogener Daten<br \/><\/strong>Wir behandeln Ihre personenbezogenen Daten vertraulich und geben diese nicht an Dritte weiter, es sei denn, Sie haben vorher Ihr ausdr\u00fcckliches Einverst\u00e4ndnis dazu erkl\u00e4rt oder die \u00dcbermittlung ist gesetzlich vorgeschrieben. \u00dcbermittlungen an staatliche Einrichtungen oder Beh\u00f6rden erfolgen nur im Rahmen zwingender gesetzlicher Vorschriften.<br \/><br \/><strong>Widerruf Ihrer Einwilligung zur Datenverarbeitung<br \/><\/strong>Nur mit Ihrer ausdr\u00fccklichen Einwilligung sind einige Vorg\u00e4nge der Datenverarbeitung m\u00f6glich. Ein Widerruf Ihrer bereits erteilten Einwilligung ist jederzeit m\u00f6glich. F\u00fcr den Widerruf gen\u00fcgt eine formlose Mitteilung per E-Mail an datenschutz@enportal.de. Die Rechtm\u00e4\u00dfigkeit der bis zum Widerruf erfolgten Datenverarbeitung bleibt vom Widerruf unber\u00fchrt.<br \/><br \/><strong>Recht auf Beschwerde bei der zust\u00e4ndigen Aufsichtsbeh\u00f6rde<br \/><\/strong>Als Betroffener steht Ihnen im Falle eines datenschutzrechtlichen Versto\u00dfes ein Beschwerderecht bei der zust\u00e4ndigen Aufsichtsbeh\u00f6rde zu. Zust\u00e4ndige Aufsichtsbeh\u00f6rde bez\u00fcglich datenschutzrechtlicher Fragen ist der Landesdatenschutzbeauftragte des Bundeslandes, in dem sich der Sitz unseres Unternehmens befindet. Der folgende Link stellt eine Liste der Datenschutzbeauftragten sowie deren Kontaktdaten bereit: <a href=\"https:\/\/www.bfdi.bund.de\/DE\/Infothek\/Anschriften_Links\/anschriften_links-node.html\" target=\"_blank\" rel=\"noopener\">https:\/\/www.bfdi.bund.de\/DE\/Infothek\/Anschriften_Links\/anschriften_links-node.html<\/a>.<br \/><br \/><strong>Recht auf Daten\u00fcbertragbarkeit<br \/><\/strong>Ihnen steht das Recht zu, Daten, die wir auf Grundlage Ihrer Einwilligung oder in Erf\u00fcllung eines Vertrags automatisiert verarbeiten, an sich oder an Dritte aush\u00e4ndigen zu lassen. Die Bereitstellung erfolgt in einem maschinenlesbaren Format. Sofern Sie die direkte \u00dcbertragung der Daten an einen anderen Verantwortlichen verlangen, erfolgt dies nur, soweit es technisch machbar ist.<br \/><br \/><strong>Recht auf Auskunft, Berichtigung, Sperrung, L\u00f6schung<br \/><\/strong>Sie haben jederzeit im Rahmen der geltenden gesetzlichen Bestimmungen das Recht auf unentgeltliche Auskunft \u00fcber Ihre gespeicherten personenbezogenen Daten, Herkunft der Daten, deren Empf\u00e4nger und den Zweck der Datenverarbeitung und ggf. ein Recht auf Berichtigung, Sperrung oder L\u00f6schung dieser Daten. Diesbez\u00fcglich und auch zu weiteren Fragen zum Thema personenbezogene Daten k\u00f6nnen Sie sich jederzeit \u00fcber die im Impressum aufgef\u00fchrten Kontaktm\u00f6glichkeiten an uns wenden.<br \/><br \/><strong>SSL- bzw. TLS-Verschl\u00fcsselung<br \/><\/strong>Aus Sicherheitsgr\u00fcnden und zum Schutz der \u00dcbertragung vertraulicher Inhalte, die Sie an uns als Seitenbetreiber senden, nutzt unsere Website eine SSL-bzw. TLS-Verschl\u00fcsselung. Damit sind Daten, die Sie \u00fcber diese Website \u00fcbermitteln, f\u00fcr Dritte nicht mitlesbar. Sie erkennen eine verschl\u00fcsselte Verbindung an der \u201ehttps:\/\/\u201c Adresszeile Ihres Browsers und am Schloss-Symbol in der Browserzeile.<br \/><br \/><strong>Server-Log-Dateien<br \/><\/strong>In Server-Log-Dateien erhebt und speichert der Provider der Website automatisch Informationen, die Ihr Browser automatisch an uns \u00fcbermittelt. Dies sind:<\/p>\r\n\r\n\r\n\r\n<ul class=\"wp-block-list\">\r\n<li>Browsertyp und Browserversion<\/li>\r\n\r\n\r\n\r\n<li>Verwendetes Betriebssystem<\/li>\r\n\r\n\r\n\r\n<li>Referrer URL<\/li>\r\n\r\n\r\n\r\n<li>Hostname des zugreifenden Rechners<\/li>\r\n\r\n\r\n\r\n<li>Uhrzeit der Serveranfrage<\/li>\r\n\r\n\r\n\r\n<li>IP-Adresse<\/li>\r\n<\/ul>\r\n\r\n\r\n\r\n<p><br \/>Es findet keine Zusammenf\u00fchrung dieser Daten mit anderen Datenquellen statt. Grundlage der Datenverarbeitung bildet Art. 6 Abs. 1 lit. b DSGVO, der die Verarbeitung von Daten zur Erf\u00fcllung eines Vertrags oder vorvertraglicher Ma\u00dfnahmen gestattet.<br \/><br \/><strong>Registrierung auf dieser Website<br \/><\/strong>Zur Nutzung bestimmter Funktionen k\u00f6nnen Sie sich auf unserer Website registrieren. Die \u00fcbermittelten Daten dienen ausschlie\u00dflich zum Zwecke der Nutzung des jeweiligen Angebotes oder Dienstes. Bei der Registrierung abgefragte Pflichtangaben sind vollst\u00e4ndig anzugeben. Andernfalls werden wir die Registrierung ablehnen.<br \/>Im Falle wichtiger \u00c4nderungen, etwa aus technischen Gr\u00fcnden, informieren wir Sie per E-Mail. Die E-Mail wird an die Adresse versendet, die bei der Registrierung angegeben wurde.<br \/>Die Verarbeitung der bei der Registrierung eingegebenen Daten erfolgt auf Grundlage Ihrer Einwilligung (Art. 6 Abs. 1 lit. a DSGVO). Ein Widerruf Ihrer bereits erteilten Einwilligung ist jederzeit m\u00f6glich. F\u00fcr den Widerruf gen\u00fcgt eine formlose Mitteilung per E-Mail. Die Rechtm\u00e4\u00dfigkeit der bereits erfolgten Datenverarbeitung bleibt vom Widerruf unber\u00fchrt.<br \/>Wir speichern die bei der Registrierung erfassten Daten w\u00e4hrend des Zeitraums, den Sie auf unserer Website registriert sind. Ihren Daten werden gel\u00f6scht, sollten Sie Ihre Registrierung aufheben. Gesetzliche Aufbewahrungsfristen bleiben unber\u00fchrt.<br \/><br \/><strong>Kontaktformular<br \/><\/strong>Per Kontaktformular \u00fcbermittelte Daten werden einschlie\u00dflich Ihrer Kontaktdaten gespeichert, um Ihre Anfrage bearbeiten zu k\u00f6nnen oder um f\u00fcr Anschlussfragen bereitzustehen. Eine Weitergabe dieser Daten findet ohne Ihre Einwilligung nicht statt.<br \/>Die Verarbeitung der in das Kontaktformular eingegebenen Daten erfolgt ausschlie\u00dflich auf Grundlage Ihrer Einwilligung (Art. 6 Abs. 1 lit. a DSGVO). Ein Widerruf Ihrer bereits erteilten Einwilligung ist jederzeit m\u00f6glich. F\u00fcr den Widerruf gen\u00fcgt eine formlose Mitteilung per E-Mail. Die Rechtm\u00e4\u00dfigkeit der bis zum Widerruf erfolgten Datenverarbeitungsvorg\u00e4nge bleibt vom Widerruf unber\u00fchrt.<br \/>\u00dcber das Kontaktformular \u00fcbermittelte Daten verbleiben bei uns, bis Sie uns zur L\u00f6schung auffordern, Ihre Einwilligung zur Speicherung widerrufen oder keine Notwendigkeit der Datenspeicherung mehr besteht. Zwingende gesetzliche Bestimmungen \u2013 insbesondere Aufbewahrungsfristen \u2013 bleiben unber\u00fchrt.<br \/><br \/><strong>Newsletter-Daten<br \/><\/strong>Zum Versenden unseres Newsletters ben\u00f6tigen wir von Ihnen eine E-Mail-Adresse. Eine Verifizierung der angegebenen E-Mail-Adresse ist notwendig und der Empfang des Newsletters ist einzuwilligen. Erg\u00e4nzende Daten werden nicht erhoben oder sind freiwillig.Die Verwendung der Daten erfolgt ausschlie\u00dflich f\u00fcr den Versand des Newsletters.<br \/>Die bei der Newsletteranmeldung gemachten Daten werden ausschlie\u00dflich auf Grundlage Ihrer Einwilligung (Art. 6 Abs. 1 lit. a DSGVO) verarbeitet. Ein Widerruf Ihrer bereits erteilten Einwilligung ist jederzeit m\u00f6glich. F\u00fcr den Widerruf gen\u00fcgt eine formloseMitteilung per E-Mail oder Sie melden sich \u00fcber den \u201eAustragen\u201c-Link im Newsletter ab. Die Rechtm\u00e4\u00dfigkeit der bereits erfolgten Datenverarbeitungsvorg\u00e4nge bleibt vom Widerruf unber\u00fchrt.<br \/>Zur Einrichtung des Abonnements eingegebene Daten werden im Falle der Abmeldung gel\u00f6scht. Sollten diese Daten f\u00fcr andere Zwecke und an anderer Stelle an uns \u00fcbermittelt worden sein, verbleiben diese weiterhin bei uns.<br \/><br \/><strong>Cookies<br \/><\/strong>Unsere Website verwendet Cookies. Das sind kleine Textdateien, die Ihr Webbrowser auf Ihrem Endger\u00e4t speichert. Cookies helfen uns dabei, unser Angebot nutzerfreundlicher, effektiver und sicherer zu machen.<br \/>Einige Cookies sind \u201cSession-Cookies.\u201d Solche Cookies werden nach Ende Ihrer Browser-Sitzung von selbst gel\u00f6scht. Hingegen bleiben andere Cookies auf Ihrem Endger\u00e4t bestehen, bis Sie diese selbst l\u00f6schen. Solche Cookies helfen uns, Sie bei R\u00fcckkehr aufunserer Website wiederzuerkennen.<br \/>Mit einem modernen Webbrowser k\u00f6nnen Sie das Setzen von Cookies \u00fcberwachen, einschr\u00e4nken oder unterbinden. Viele Webbrowser lassen sich so konfigurieren, dass Cookies mit dem Schlie\u00dfen des Programms von selbst gel\u00f6scht werden. Die Deaktivierung von Cookieskann eine eingeschr\u00e4nkte Funktionalit\u00e4t unserer Website zur Folge haben.<br \/>Das Setzen von Cookies, die zur Aus\u00fcbung elektronischer Kommunikationsvorg\u00e4nge oder der Bereitstellung bestimmter, von Ihnen erw\u00fcnschter Funktionen (z.B. Warenkorb) notwendig sind, erfolgt auf Grundlage von Art. 6 Abs. 1 lit. f DSGVO. Als Betreiber dieserWebsite haben wir ein berechtigtes Interesse an der Speicherung von Cookies zur technisch fehlerfreien und reibungslosen Bereitstellung unserer Dienste. Sofern die Setzung anderer Cookies (z.B. f\u00fcr Analyse-Funktionen) erfolgt, werden diese in dieserDatenschutzerkl\u00e4rung separat behandelt.<br \/><br \/>Google Analytics<br \/>Unsere Website verwendet Funktionen des Webanalysedienstes Google Analytics. Anbieter des Webanalysedienstes ist die Google Inc., 1600 Amphitheatre Parkway, Mountain View, CA 94043, USA.<br \/>Google Analytics verwendet \u201eCookies.\u201c Das sind kleine Textdateien, die Ihr Webbrowser auf Ihrem Endger\u00e4t speichert und eine Analyse der Website-Benutzung erm\u00f6glichen. Mittels Cookie erzeugte Informationen \u00fcber Ihre Benutzung unserer Websitewerden an einen Server von Google \u00fcbermittelt und dort gespeichert. Server-Standort ist im Regelfall die USA.<br \/>Das Setzen von Google-Analytics-Cookies erfolgt auf Grundlage von Art. 6 Abs. 1 lit. f DSGVO. Als Betreiber dieser Website haben wir ein berechtigtes Interesse an der Analyse des Nutzerverhaltens, um unser Webangebot und ggf. auch Werbung zu optimieren.<br \/><br \/><strong>IP-Anonymisierung<br \/><\/strong>Wir setzen Google Analytics in Verbindung mit der Funktion IP-Anonymisierung ein. Sie gew\u00e4hrleistet, dass Google Ihre IP-Adresse innerhalb von Mitgliedstaaten der Europ\u00e4ischen Union oder in anderen Vertragsstaaten des Abkommens \u00fcber den Europ\u00e4ischen Wirtschaftsraumvor der \u00dcbermittlung in die USA k\u00fcrzt. Es kann Ausnahmef\u00e4lle geben, in denen Google die volle IP-Adresse an einen Server in den USA \u00fcbertr\u00e4gt und dort k\u00fcrzt. In unserem Auftrag wird Google diese Informationen benutzen, um Ihre Nutzung der Websiteauszuwerten, um Reports \u00fcber Websiteaktivit\u00e4ten zu erstellen und um weitere mit der Websitenutzung und der Internetnutzung verbundene Dienstleistungen gegen\u00fcber uns zu erbringen. Es findet keine Zusammenf\u00fchrung der von Google Analytics \u00fcbermitteltenIP-Adresse mit anderen Daten von Google statt.<br \/><br \/><strong>Browser Plugin<br \/><\/strong>Das Setzen von Cookies durch Ihren Webbrowser ist verhinderbar. Einige Funktionen unserer Website k\u00f6nnten dadurch jedoch eingeschr\u00e4nkt werden. Ebenso k\u00f6nnen Sie die Erfassung von Daten bez\u00fcglich Ihrer Website-Nutzung einschlie\u00dflich Ihrer IP-Adresse mitsamtanschlie\u00dfender Verarbeitung durch Google unterbinden. Dies ist m\u00f6glich, indem Sie das \u00fcber folgenden Link erreichbare Browser-Plugin herunterladen und installieren: <a href=\"https:\/\/tools.google.com\/dlpage\/gaoptout?hl=de\" target=\"_blank\" rel=\"noopener\">https:\/\/tools.google.com\/dlpage\/gaoptout?hl=de<\/a>.<br \/>Widerspruch gegen die Datenerfassung<br \/>Sie k\u00f6nnen die Erfassung Ihrer Daten durch Google Analytics verhindern, indem Sie auf folgenden Link klicken. Es wird ein Opt-Out-Cookie gesetzt, der die Erfassung Ihrer Daten bei zuk\u00fcnftigen Besuchen unserer Website verhindert: Google Analytics deaktivieren.<br \/>Einzelheiten zum Umgang mit Nutzerdaten bei Google Analytics finden Sie in der Datenschutzerkl\u00e4rung von Google: <a href=\"https:\/\/support.google.com\/analytics\/answer\/6004245?hl=de\" target=\"_blank\" rel=\"noopener\">https:\/\/support.google.com\/analytics\/answer\/6004245?hl=de<\/a>.<br \/><br \/><strong>Auftragsverarbeitung<br \/><\/strong>Zur vollst\u00e4ndigen Erf\u00fcllung der gesetzlichen Datenschutzvorgaben haben wir mit Google einen Vertrag \u00fcber die Auftragsverarbeitung abgeschlossen.<br \/>Demografische Merkmale bei Google Analytics<br \/>Unsere Website verwendet die Funktion \u201cdemografische Merkmale\u201d von Google Analytics. Mit ihr lassen sich Berichte erstellen, die Aussagen zu Alter, Geschlecht und Interessen der Seitenbesucher enthalten. Diese Daten stammen aus interessenbezogener Werbungvon Google sowie aus Besucherdaten von Drittanbietern. Eine Zuordnung der Daten zu einer bestimmten Person ist nicht m\u00f6glich. Sie k\u00f6nnen diese Funktion jederzeit deaktivieren. Dies ist \u00fcber die Anzeigeneinstellungen in Ihrem Google-Konto m\u00f6glich oderindem Sie die Erfassung Ihrer Daten durch Google Analytics, wie im Punkt \u201cWiderspruch gegen die Datenerfassung\u201d erl\u00e4utert, generell untersagen.<\/p>\r\n<p>Folgende Plugins und Tools kommen auf enportal.de\/connect zum Einsatz:<\/p>\r\n<ul>\r\n<li>Wordfence (<a href=\"https:\/\/www.wordfence.com\/\" data-ogsc=\"\" target=\"_blank\" rel=\"noopener\">https:\/\/www.wordfence.com\/<\/a>) \u2192 Sicherheits-Plugin<\/li>\r\n<li>CleanTalk (<a href=\"https:\/\/cleantalk.org\/\" data-ogsc=\"\" target=\"_blank\" rel=\"noopener\">https:\/\/cleantalk.org\/<\/a>) \u2192 Anti-Spam-Feature f\u00fcr Gravity Kontaktformulare<\/li>\r\n<li>Borlabs Cookies (<a href=\"https:\/\/de.borlabs.io\/borlabs-cookie\/\" data-ogsc=\"\" target=\"_blank\" rel=\"noopener\">https:\/\/de.borlabs.io\/borlabs-cookie\/<\/a>) \u2192 Cookie Consent Manager<\/li>\r\n<li>Google Tag Manager (<a href=\"https:\/\/marketingplatform.google.com\/about\/tag-manager\/\" data-ogsc=\"\" target=\"_blank\" rel=\"noopener\">https:\/\/marketingplatform.google.com\/about\/tag-manager\/<\/a>) \u2192 Analytics Tool<\/li>\r\n<\/ul>\r\n<p>Weitere Datanschutz-relevante Tools von enPortal selbst:<\/p>\r\n<ul>\r\n<li>Google reCAPTCHA (<a href=\"https:\/\/www.google.com\/recaptcha\/\" data-ogsc=\"\" target=\"_blank\" rel=\"noopener\">https:\/\/www.google.com\/recaptcha\/<\/a>) \u2192 Anti-Spam-Feature f\u00fcr Registrierungsformulare f\u00fcr Anbieter<\/li>\r\n<li>enPortal Connect \u2192 Buchungsplugin<\/li>\r\n<li>enPortal Login \u2192 Login f\u00fcr Kundenbereich<\/li>\r\n<li>ActiveCampaign (<a href=\"https:\/\/www.activecampaign.com\/\" data-ogsc=\"\" target=\"_blank\" rel=\"noopener\">https:\/\/www.activecampaign.com\/<\/a>) \u2192 Tracking Tool<\/li>\r\n<\/ul>\r\n<p class=\"p-small\">Unter zuhilfename des Datenschutz-Konfigurators von <a href=\"https:\/\/www.mein-datenschutzbeauftragter.de\/\" target=\"_blank\" rel=\"noopener\">mein-datenschutzbeauftragter.de<\/a><\/p>\r\n","protected":false},"excerpt":{"rendered":"<p>Allgemeiner Hinweis und PflichtinformationenBenennung der verantwortlichen StelleDie verantwortliche Stelle f\u00fcr die Datenverarbeitung auf dieser Website ist: enPORTAL GmbHAssessor jur. Clemens Graf von WedelMoordiek 1 23820 Pronstorf Zum enPORTAL Impressum Die verantwortliche Stelle entscheidet allein oder gemeinsam mit anderen \u00fcber die Zwecke und Mittel der Verarbeitung von personenbezogenen Daten (z.B. Namen, Kontaktdaten o. \u00c4.). Personenbezogene DatenWir [&hellip;]<\/p>\n","protected":false},"author":8,"featured_media":0,"parent":0,"menu_order":0,"comment_status":"closed","ping_status":"closed","template":"templates\/template-privacy.php","meta":{"_acf_changed":false,"inline_featured_image":false,"footnotes":""},"class_list":["post-2828","page","type-page","status-publish","hentry"],"acf":[],"_links":{"self":[{"href":"https:\/\/www.enportal.de\/connect\/wp-json\/wp\/v2\/pages\/2828","targetHints":{"allow":["GET"]}}],"collection":[{"href":"https:\/\/www.enportal.de\/connect\/wp-json\/wp\/v2\/pages"}],"about":[{"href":"https:\/\/www.enportal.de\/connect\/wp-json\/wp\/v2\/types\/page"}],"author":[{"embeddable":true,"href":"https:\/\/www.enportal.de\/connect\/wp-json\/wp\/v2\/users\/8"}],"replies":[{"embeddable":true,"href":"https:\/\/www.enportal.de\/connect\/wp-json\/wp\/v2\/comments?post=2828"}],"version-history":[{"count":2,"href":"https:\/\/www.enportal.de\/connect\/wp-json\/wp\/v2\/pages\/2828\/revisions"}],"predecessor-version":[{"id":5720,"href":"https:\/\/www.enportal.de\/connect\/wp-json\/wp\/v2\/pages\/2828\/revisions\/5720"}],"wp:attachment":[{"href":"https:\/\/www.enportal.de\/connect\/wp-json\/wp\/v2\/media?parent=2828"}],"curies":[{"name":"wp","href":"https:\/\/api.w.org\/{rel}","templated":true}]}}