{"id":2949,"date":"2023-10-24T09:45:30","date_gmt":"2023-10-24T07:45:30","guid":{"rendered":"https:\/\/enportal.dev.lichtblick.io\/connect\/?page_id=2949"},"modified":"2025-09-02T11:00:55","modified_gmt":"2025-09-02T09:00:55","slug":"impressum-datenschutzerklaerung-youtube","status":"publish","type":"page","link":"https:\/\/www.enportal.de\/connect\/impressum-datenschutzerklaerung-youtube\/","title":{"rendered":"Datenschutzerkl\u00e4rung Impressum Youtube"},"content":{"rendered":"<div class=\"grid-container\">\n<div class=\"grid-x\">\n<div class=\"cell\">\n<div class=\"page-content\">\n<h2 class=\"page-title light\">Impressum<\/h2>\n<p><strong>enPORTAL GmbH<br \/>\n<\/strong>Gesch\u00e4ftsf\u00fchrung:<br \/>\nAssessor jur. Clemens Graf von Wedel<\/p>\n<p>Moordiek 1<br \/>\nD-23820 Pronstorf<\/p>\n<p>Tel.: +49 (0)40 \u2013 604 29 87-0<br \/>\nMail:\u00a0<a class=\"c-link\" href=\"mailto:info@enportal.de\" target=\"_blank\" rel=\"noopener noreferrer\" data-stringify-link=\"mailto:info@enportal.de\" data-sk=\"tooltip_parent\" aria-haspopup=\"menu\" aria-expanded=\"false\">info@enportal.de<\/a><br \/>\nURL:\u00a0<a class=\"c-link\" href=\"http:\/\/www.enportal.de\/\" target=\"_blank\" rel=\"noopener noreferrer\" data-stringify-link=\"http:\/\/www.enportal.de\" data-sk=\"tooltip_parent\">www.enportal.de<\/a><\/p>\n<p>Amtsgericht Kiel HRB 22593<br \/>\nSteuernummer.: 1129714369<br \/>\nUmsatzsteuer-Identifikationsnr.: DE260447746<br \/>\nBerufshaftpflichtversicherung:<br \/>\nHiscox AG,<br \/>\nOberanger 28,<br \/>\nD-80331 M\u00fcnchen<\/p>\n<\/div>\n<\/div>\n<\/div>\n<\/div>\n<p>&nbsp;<\/p>\n<h2>Datenschutzerkl\u00e4rung Youtube<\/h2>\n<p><strong>Verantwortliche Stellen:<\/strong><\/p>\n<p>&nbsp;<\/p>\n<p><strong>YouTube LLC<\/strong>,<\/p>\n<p>901 Cherry Ave.,<\/p>\n<p>San Bruno, CA 94066, USA.<\/p>\n<p>Die YouTube, LLC ist einer Tochtergesellschaft<\/p>\n<p>der Google LLC,<\/p>\n<p>1600 Amphitheatre Parkway,<\/p>\n<p>Mountain View, CA 94043, USA<\/p>\n<p>&nbsp;<\/p>\n<p>und<\/p>\n<p>&nbsp;<\/p>\n<p>enPORTAL GmbH<\/p>\n<p>Moordiek 1<\/p>\n<p>23820 Pronstorf<\/p>\n<p>Deutschland<\/p>\n<p>info@enportal.de<\/p>\n<p>&nbsp;<\/p>\n<p><strong>Informationen \u00fcber den <\/strong><strong>Social-Media-Kanal <\/strong><strong>von: enPORTAL GmbH<\/strong><\/p>\n<p>Wir freuen uns sehr \u00fcber Ihr Interesse an dem YouTube-Kanal der enPORTAL GmbH. YouTube ist ein Internet-Videoportal, dass Video-Publishern das kostenlose Einstellen von Videoclips und anderen Nutzern die ebenfalls kostenfreie Betrachtung, Bewertung und Kommentierung dieser erm\u00f6glicht. YouTube gestattet die Publikation aller Arten von Videos, weshalb sowohl komplette Film und Fernsehsendungen, aber auch Musikvideos, Trailer oder von Nutzern selbst angefertigte Videos \u00fcber das Internetportal abrufbar sind.<\/p>\n<p>&nbsp;<\/p>\n<p><strong>Begriffsbestimmungen<\/strong><\/p>\n<p>Die Datenschutzerkl\u00e4rung der enPORTAL GmbH beruht auf den Begrifflichkeiten, die in der Datenschutz-Grundverordnung (DSGVO) verwendet werden. Zur besseren Verst\u00e4ndlichkeit m\u00f6chten wir vorab diese Begrifflichkeiten erl\u00e4utern.<\/p>\n<p>&nbsp;<\/p>\n<p><strong>Personenbezogene Daten<\/strong><\/p>\n<p>Personenbezogene Daten sind alle Informationen, die sich auf eine identifizierte oder identifizierbare nat\u00fcrliche Person (im Folgenden \u201ebetroffene Person\u201c) beziehen. Als identifizierbar wird eine nat\u00fcrliche Person angesehen, die direkt oder indirekt \u2013 insbesondere mittels Zuordnung zu einer Kennung wie einem Namen, einer Kennnummer, Standortdaten, einer Online-Kennung oder einem oder mehreren besonderen Merkmalen, die Ausdruck der physischen, physiologischen, genetischen, psychischen, wirtschaftlichen, kulturellen oder sozialen Identit\u00e4t dieser nat\u00fcrlichen Person sind \u2013 identifiziert werden kann.<\/p>\n<p><strong>Betroffene Person<\/strong><\/p>\n<p>Betroffene Person ist jede identifizierte oder identifizierbare nat\u00fcrliche Person, deren personenbezogene Daten, von dem f\u00fcr die Verarbeitung Verantwortlichen verarbeitet werden.<\/p>\n<p>&nbsp;<\/p>\n<p><strong>Verarbeitung<\/strong><\/p>\n<p>Verarbeitung ist jeder mit oder ohne Hilfe automatisierter Verfahren ausgef\u00fchrte Vorgang oder jede solche Vorgangsreihe im Zusammenhang mit personenbezogenen Daten wie das Erheben, das Erfassen, die Organisation, das Ordnen, die Speicherung, die Anpassung oder Ver\u00e4nderung, das Auslesen, das Abfragen, die Verwendung, die Offenlegung durch \u00dcbermittlung, Verbreitung oder eine andere Form der Bereitstellung, den Abgleich oder die Verkn\u00fcpfung, die Einschr\u00e4nkung, das L\u00f6schen oder die Vernichtung.<\/p>\n<p>&nbsp;<\/p>\n<p><strong>Einschr\u00e4nkung der Verarbeitung<\/strong><\/p>\n<p>Einschr\u00e4nkung der Verarbeitung ist die Markierung gespeicherter personenbezogener Daten mit dem Ziel, ihre k\u00fcnftige Verarbeitung einzuschr\u00e4nken.<\/p>\n<p>&nbsp;<\/p>\n<p><strong>Verantwortlicher oder f\u00fcr die Verarbeitung Verantwortlicher<\/strong><\/p>\n<p>Verantwortlicher oder f\u00fcr die Verarbeitung Verantwortlicher ist die nat\u00fcrliche oder juristische Person, Beh\u00f6rde, Einrichtung oder andere Stelle, die allein oder gemeinsam mit anderen \u00fcber die Zwecke und Mittel der Verarbeitung von personenbezogenen Daten entscheidet. Sind die Zwecke und Mittel dieser Verarbeitung durch das Unionsrecht oder das Recht der Mitgliedstaaten vorgegeben, so kann der Verantwortliche beziehungsweise k\u00f6nnen die bestimmten Kriterien seiner Benennung nach dem Unionsrecht oder dem Recht der Mitgliedstaaten vorgesehen werden.<\/p>\n<p>&nbsp;<\/p>\n<p><strong>Dritter<\/strong><\/p>\n<p>Dritter ist eine nat\u00fcrliche oder juristische Person, Beh\u00f6rde, Einrichtung oder andere Stelle au\u00dfer der betroffenen Person, dem Verantwortlichen, dem Auftragsverarbeiter und den Personen, die unter der unmittelbaren Verantwortung des Verantwortlichen oder des Auftragsverarbeiters befugt sind, die personenbezogenen Daten zu verarbeiten.<\/p>\n<p>&nbsp;<\/p>\n<p><strong>Einwilligung<\/strong><\/p>\n<p>Einwilligung ist jede von der betroffenen Person freiwillig f\u00fcr den bestimmten Fall in informierter Weise und unmissverst\u00e4ndlich abgegebene Willensbekundung in Form einer Erkl\u00e4rung oder einer sonstigen eindeutigen best\u00e4tigenden Handlung, mit der die betroffene Person zu verstehen gibt, dass sie mit der Verarbeitung der sie betreffenden personenbezogenen Daten einverstanden ist.<\/p>\n<p>&nbsp;<\/p>\n<p><strong>F\u00fcr die Verarbeitung verantwortliche Stelle<\/strong><\/p>\n<p>Im Rahmen eines gestuften Anbieterverh\u00e4ltnisses besteht eine gemeinsame Verantwortung im Sinne von Art. 26 DSGVO der enPORTAL GmbH zusammen mit der YouTube LLC f\u00fcr die Datenverarbeitung auf dem YouTube-Kanal der enPORTAL GmbH Gruppe.<\/p>\n<p>Betreiber des YouTube-Kanals @enPORTAL_GmbH ist die enPORTAL GmbH<\/p>\n<p>&nbsp;<\/p>\n<p><strong>Zweck und Umfang der Datenverarbeitung<\/strong><\/p>\n<p>Die enPORTAL GmbH ist in sozialen Netzwerken pr\u00e4sent, um sich den dortigen Nutzern zu pr\u00e4sentieren und mit ihnen zu kommunizieren. Der YouTube-Kanal der enPORTAL GmbH dient vorrangig als [Wissensvermittlung, Bewerbung der Produkte mit weiteren Informationen] zur Au\u00dfendarstellung der Unternehmensgruppe als attraktiver Arbeitgeber und kompetenter Dienstleister. Die enPORTAL GmbH gibt Einblick in den Arbeitsalltag sowie die Leistungsfelder der enPORTAL GmbH und informiert \u00fcber Unternehmensnews. YouTube-Mitglieder haben die M\u00f6glichkeit \u00f6ffentlich Kontakt zur enPORTAL GmbH aufzunehmen. Dies erfolgt durch einen \u00f6ffentlichen Kommentar auf dem Unternehmenskanal der enPORTAL GmbH Die pers\u00f6nliche Kontaktaufnahme basiert auf Freiwilligkeit und geht in allen F\u00e4llen vom Nutzer aus.<\/p>\n<p>Die enPORTAL GmbH nutzt personenbezogene Daten ausschlie\u00dflich zur Analyse des Nutzerverhaltens \u00fcber die von YouTube bereitgestellten Statistiken sowie zur Kommunikation mit dem Nutzer, sofern dieser \u00fcber die \u00f6ffentliche Kommentarfunktion die Kontaktaufnahme mit der enPORTAL GmbH gestartet hat. YouTube stellt personenbezogene Daten der Nutzer in aggregierter und anonymisierter Form zur Verf\u00fcgung. Folgende Informationen werden hier beispielsweise durch YouTube zur Verf\u00fcgung gestellt: Follower, Reichweite, Demographie der User. Diese Statistiken lassen keinerlei R\u00fcckschl\u00fcsse auf individuelle Nutzer zu. Ausk\u00fcnfte \u00fcber Informationen zu pers\u00f6nlichen Daten k\u00f6nnen daher nur direkt \u00fcber YouTube abgefragt werden. Die enPORTAL GmbH kann nur die \u00f6ffentlichen Informationen der Nutzer einsehen. Welche Informationen dies sind, legt der Nutzen in seinen privaten Einstellungen fest. Dar\u00fcber hinaus hat der User die M\u00f6glichkeit, Likes aktiv zu verbergen oder dem Unternehmenskanal der enPORTAL GmbH nicht mehr zu folgen. N\u00e4here Informationen dazu unter <a href=\"https:\/\/www.youtube.com\/account_privacy\" target=\"_blank\" rel=\"noopener\">https:\/\/www.youtube.com\/account_privacy<\/a>. Die L\u00f6schung der Daten seitens der enPORTAL GmbH erfolgt nach Entfall des Zwecks. Auf die Datenl\u00f6schung seitens YouTube hat die enPORTAL GmbH keinen Einfluss. N\u00e4here Informationen dazu unter <a href=\"https:\/\/policies.google.com\/privacy?hl=en-US#infodelete\" target=\"_blank\" rel=\"noopener\">https:\/\/policies.google.com\/privacy?hl=en-US#infodelete<\/a><\/p>\n<p>Bei Besuch des YouTube-Kanals der enPORTAL GmbH k\u00f6nnen Daten der Nutzer au\u00dferhalb des Raumes der Europ\u00e4ischen Union verarbeitet werden. In diesen Rechtsr\u00e4umen findet deutsches bzw. europ\u00e4isches Datenschutzrecht grunds\u00e4tzlich keine Anwendung. Die Durchsetzung pers\u00f6nlicher Rechte der Nutzer kann dadurch erschwert sein. US-Anbieter, die f\u00fcr das Privacy-Shield zertifiziert sind, haben sich dazu verpflichtet, die EU-Datenschutzstandards einzuhalten. enPORTAL GmbH unterliegt den Datenschutzvorgaben von YouTube und hat keinen Einfluss darauf, wie YouTube personenbezogene Daten wie Name, Vorname, IP-Adressen, etc. von Nutzern verwendet. Zweck und Umfang der Datenerhebung und die weitere Verarbeitung und Nutzung der Daten durch YouTube sowie die diesbez\u00fcglichen Rechte und Einstellungsm\u00f6glichkeiten zum Schutz der Privatsph\u00e4re der Nutzer, k\u00f6nnen den Datenschutzhinweisen von YouTube entnommen werden <a href=\"https:\/\/www.youtube.com\/account_privacy\" target=\"_blank\" rel=\"noopener\">https:\/\/www.youtube.com\/account_privacy<\/a>.<\/p>\n<p>Die Verarbeitung der personenbezogenen Daten der Nutzer erfolgt auf Grundlage von Art. 6 Abs. 1 lit. f. DSGVO. Als Betreiber einer Pr\u00e4senz in einem sozialen Medium, hat die enPORTAL GmbH ein berechtigtes Interesse an einer effektiven Information der Nutzer und Kommunikation mit den Nutzern.<\/p>\n<p>Sofern der Nutzer \u2013 etwa durch Anklicken einer Checkbox \u2013 in die Datenverarbeitung eingewilligt hat, ist die Rechtsgrundlage f\u00fcr die Verarbeitung Art. 6 Abs. 1 lit. a., Art. 7 DSGVO.<\/p>\n<p>Die von Google als Anbieter des Dienstes \u201aYouTube\u2018 ver\u00f6ffentlichte Datenrichtlinie gibt Aufschluss \u00fcber die Erhebung, Verarbeitung und Nutzung personenbezogener Daten. Ferner wird dort erl\u00e4utert, welche Einstellungsm\u00f6glichkeiten Google und YouTube zum Schutz der Privatsph\u00e4re der betroffenen Person bieten. Mehr zu den grundlegenden Privatsph\u00e4re-Einstellungen und Funktionen unter <a href=\"https:\/\/policies.google.com\/privacy\" target=\"_blank\" rel=\"noopener\">https:\/\/policies.google.com\/privacy<\/a><\/p>\n<p>&nbsp;<\/p>\n<p>Google st\u00fctzt sich auf die EU-Standardvertragsklauseln als Rechtsgrundlage f\u00fcr eine Daten\u00fcbermittlung in die USA. Unter <a href=\"https:\/\/policies.google.com\/privacy\/frameworks?hl=de\" target=\"_blank\" rel=\"noopener\">https:\/\/policies.google.com\/privacy\/frameworks?hl=de<\/a> sind die aktuell g\u00fcltigen Standardvertragsklauseln verlinkt und einsehbar.<\/p>\n<p>&nbsp;<\/p>\n<p>Bei einem Besuch des @enPORTAL_GmbH YouTube-Kanal werden von YouTube als Verantwortlicher personenbezogene Daten der Nutzer erhoben. Eine solche Datenerhebung durch YouTube kann auch bei Besuchern dieser Page erfolgen, die nicht bei YouTube eingeloggt oder registriert sind. YouTube nutzt und verarbeitet die Daten der User im Regelfall f\u00fcr Marktforschungs- und Werbezwecke. So lassen sich beispielsweise aus dem Nutzungsverhalten und den sich daraus ergebenden Interessen der User Nutzungsprofile erstellen. Die Nutzungsprofile k\u00f6nnen wiederum verwendet werden, um beispielsweise Werbeanzeigen innerhalb und au\u00dferhalb von YouTube zu schalten, die mutma\u00dflich den Interessen der Nutzer entsprechen. Zu diesen Zwecken werden im Regelfall Cookies auf den Rechnern der User gespeichert, in denen das Nutzungsverhalten und die Interessen der Nutzer gespeichert werden. Ferner k\u00f6nnen in den Nutzungsprofilen auch Daten unabh\u00e4ngig der von den Nutzern verwendeten Ger\u00e4te gespeichert werden (insbesondere, wenn die Nutzer Mitglieder von YouTube sind und bei diesen eingeloggt sind).<\/p>\n<p>Im Falle von Auskunftsanfragen und der Geltendmachung von Nutzerrechten, wird darauf hingewiesen, dass diese am effektivsten direkt gegen\u00fcber Google geltend gemacht werden k\u00f6nnen. Nur Google hat Zugriff auf die Daten der Nutzer und kann direkt entsprechende Ma\u00dfnahmen ergreifen und Ausk\u00fcnfte geben.<\/p>\n<p>Die enPORTAL GmbH stellt es dem Nutzer frei, alternative Kommunikationsm\u00f6glichkeiten \u2013 au\u00dferhalb des Netzwerks \u2013 zu nutzen, um mit dem Unternehmen in Kontakt zu treten (Webseite, Telefon, E-Mail, etc.).<\/p>\n<p>&nbsp;<\/p>\n<p><strong>Google Cookies<\/strong><\/p>\n<p>Google setzt Cookies, um Google-Dienste bereitzustellen, zu sch\u00fctzen und zu verbessern. Cookies sind kleine Bausteine, die zum Speichern von Informationen in Webbrowsern verwendet werden. Cookies werden verwendet, um IDs und sonstige Informationen auf Computern, Telefonen und anderen Ger\u00e4ten zu speichern bzw. diese zu erhalten. N\u00e4here Informationen zur Verwendung von Google Cookies unter <a href=\"https:\/\/policies.google.com\/technologies\/cookies?hl=de&amp;gl=de\" target=\"_blank\" rel=\"noopener\">https:\/\/policies.google.com\/technologies\/cookies?hl=de&amp;gl=de<\/a>.<\/p>\n<p>&nbsp;<\/p>\n<p><strong>YouTube Kommentarfunktion<\/strong><\/p>\n<p>Hinterl\u00e4sst ein Nutzer einen \u00f6ffentlichen Kommentar auf dem YouTube-Kanal der enPORTAL GmbH spiegeln diese allein die Meinung des Nutzers nieder. Die enPORTAL GmbH distanziert sich von jeglichen \u00c4u\u00dferungen durch Dritte und \u00fcbernimmt f\u00fcr die Richtigkeit und Vollst\u00e4ndigkeit der Inhalte sowie in Kommentaren gesetzten Linkes keinerlei Gew\u00e4hr oder Haftung. Die enPORTAL GmbH beh\u00e4lt sich das Recht vor, jederzeit unzul\u00e4ssige und\/oder den guten Sitten entgegenstehende und\/oder die Rechte anderer verletzende Nutzerinhalte (Kommentare) zu l\u00f6schen.<\/p>\n<p>&nbsp;<\/p>\n<p><strong>Gef\u00e4hrdung Ihrer Daten im Internet<\/strong><\/p>\n<p>Sowohl im Internet allgemein als auch auf Social-Media-Plattformen besteht die M\u00f6glichkeit des weltweiten Zugriffs beziehungsweise des Abrufs der eingestellten Daten und Bildnisse, auch aus L\u00e4ndern, in denen kein oder kein hinreichender Datenschutzstandard besteht. Die enPORTAL GmbH als Betreiber dieses Angebotes kann weder die Zugriffe auf ihre Daten \u00fcber das Internet noch die Nutzung dieser Daten beeinflussen und insoweit auch keine Gew\u00e4hr f\u00fcr die Beachtung des Datenschutzes in diesem Umfeld \u00fcbernehmen.<\/p>\n<p>Mit geeigneten Suchmaschinen k\u00f6nnen personenbezogene Daten im Internet aufgefunden und die auf Bildnissen dargestellten Personen unter Umst\u00e4nden auch identifiziert werden. Dadurch besteht auch die M\u00f6glichkeit, durch Zusammenf\u00fchrung dieser Daten und Informationen mit anderen im Internet vorhandenen Daten Pers\u00f6nlichkeitsprofile zu bilden und zus\u00e4tzliche Nutzungsm\u00f6glichkeiten, zum Beispiel f\u00fcr Zwecke der Werbung, zu erschlie\u00dfen. Aufgrund der M\u00f6glichkeiten des weltweiten Abrufs und Speicherung der Daten durch andere Stellen oder Personen kann im Fall eines L\u00f6schbegehrens und trotz Entfernung Ihrer Daten und Bildnisse eine weitere Nutzung durch andere Stellen oder Personen oder ein Auffinden \u00fcber Archivfunktionen von Suchmaschinen nicht ausgeschlossen werden.<\/p>\n<p>&nbsp;<\/p>\n<p><strong>Betroffenenrechte der Nutzer<\/strong><\/p>\n<p>Ich\/wir kann\/k\u00f6nnen leider nicht unseren Informationspflichten nach Art. 13 EU-DSGVO nachkommen, da nur YouTube den vollst\u00e4ndigen Zugriff auf die Benutzerdaten hat. Falls Sie von Ihren Betroffenenrechten Gebrauch machen wollen, kontaktierten Sie hier bitte direkt YouTube. Zu diesen Rechten geh\u00f6ren folgende:<\/p>\n<p><strong>Recht auf Auskunft:<\/strong><\/p>\n<p>Sie k\u00f6nnen von uns eine Auskunft verlangen, ob und in welchem Ausma\u00df wir Ihre Daten verarbeiten.<\/p>\n<p><strong>Recht auf Berichtigung:<\/strong><\/p>\n<p>Verarbeiten wir Ihre Daten, die unvollst\u00e4ndig oder unrichtig sind, so k\u00f6nnen Sie jederzeit deren Berichtigung bzw. deren Vervollst\u00e4ndigung von uns verlangen.<\/p>\n<p><strong>Recht auf L\u00f6schung:<\/strong><\/p>\n<p>Sie k\u00f6nnen von uns die L\u00f6schung Ihrer Daten verlangen, sofern wir diese unrechtm\u00e4\u00dfig verarbeiten oder die Verarbeitung unverh\u00e4ltnism\u00e4\u00dfig in Ihre berechtigten Schutzinteressen eingreift. Bitte beachten Sie, dass es Gr\u00fcnde geben kann, die einer sofortigen L\u00f6schung entgegenstehen, z.B. im Fall von gesetzlich geregelten Aufbewahrungspflichten.<\/p>\n<p>Unabh\u00e4ngig von der Wahrnehmung Ihres Rechts auf L\u00f6schung, werden wir Ihre Daten umgehend und vollst\u00e4ndig l\u00f6schen, soweit keine diesbez\u00fcgliche rechtsgesch\u00e4ftliche oder gesetzliche Aufbewahrungspflicht entgegensteht.<\/p>\n<p><strong>Recht auf Einschr\u00e4nkung der Verarbeitung:<\/strong><\/p>\n<p>Sie k\u00f6nnen von uns die Einschr\u00e4nkung der Verarbeitung Ihrer Daten verlangen, wenn<\/p>\n<p>&#8211;\u00a0\u00a0\u00a0\u00a0\u00a0\u00a0\u00a0\u00a0\u00a0\u00a0\u00a0\u00a0\u00a0 Sie die Richtigkeit der Daten bestreiten, und zwar f\u00fcr eine Dauer, die es uns erm\u00f6glicht, die Richtigkeit der Daten zu \u00fcberpr\u00fcfen.<\/p>\n<p>&#8211;\u00a0\u00a0\u00a0\u00a0\u00a0\u00a0\u00a0\u00a0\u00a0\u00a0\u00a0\u00a0\u00a0 die Verarbeitung der Daten unrechtm\u00e4\u00dfig ist, Sie aber eine L\u00f6schung ablehnen und stattdessen eine Einschr\u00e4nkung der Datennutzung verlangen,<\/p>\n<p>&#8211;\u00a0\u00a0\u00a0\u00a0\u00a0\u00a0\u00a0\u00a0\u00a0\u00a0\u00a0\u00a0\u00a0 wir die Daten f\u00fcr den vorgesehenen Zweck nicht mehr ben\u00f6tigen, Sie diese Daten aber noch zur Geltendmachung oder Verteidigung von Rechtsanspr\u00fcchen brauchen, oder<\/p>\n<p>&#8211;\u00a0\u00a0\u00a0\u00a0\u00a0\u00a0\u00a0\u00a0\u00a0\u00a0\u00a0\u00a0\u00a0 Sie Widerspruch gegen die Verarbeitung der Daten eingelegt haben.<\/p>\n<p><strong>Widerspruchsrecht:<\/strong><\/p>\n<p>Verarbeiten wir Ihre Daten aufgrund berechtigten Interesses, so k\u00f6nnen Sie diese jederzeit widerrufen; dies w\u00fcrde auch f\u00fcr ein auf diese Bestimmungen gest\u00fctztes Profiling gelten. Wir verarbeiten dann Ihre Daten nicht mehr, es sei denn, wir k\u00f6nnen zwingende schutzw\u00fcrdige Gr\u00fcnde f\u00fcr die Verarbeitung nachweisen, die Ihre Interessen, Rechte und Freiheiten \u00fcberwiegen oder die Verarbeitung dient der Geltendmachung, Aus\u00fcbung oder Verteidigung von Rechtsanspr\u00fcchen. Der Verarbeitung Ihrer Daten zum Zweck der Direktwerbung k\u00f6nnen Sie jederzeit ohne Angabe von Gr\u00fcnden widersprechen.<\/p>\n<p><strong>Recht auf Daten\u00fcbertragbarkeit:<\/strong><\/p>\n<p>Sie k\u00f6nnen von uns verlangen, dass wir Ihnen Ihre Daten, die Sie uns bereitgestellt haben, in einem strukturierten, g\u00e4ngigen und maschinenlesbaren Format zur Verf\u00fcgung stellen und dass Sie diese Daten einem anderen Verantwortlichen ohne Behinderung durch uns \u00fcbermitteln k\u00f6nnen, sofern<\/p>\n<p>&#8211;\u00a0\u00a0\u00a0\u00a0\u00a0\u00a0\u00a0\u00a0\u00a0\u00a0\u00a0\u00a0\u00a0 wir diese Daten aufgrund einer von Ihnen erteilten und widerrufbaren Zustimmung oder zur Erf\u00fcllung eines Vertrages zwischen uns verarbeiten, und<\/p>\n<p>&#8211;\u00a0\u00a0\u00a0\u00a0\u00a0\u00a0\u00a0\u00a0\u00a0\u00a0\u00a0\u00a0\u00a0 diese Verarbeitung mithilfe automatisierter Verfahren erfolgt.<\/p>\n<p>Bei technischer Machbarkeit k\u00f6nnen Sie von uns eine direkte \u00dcbermittlung Ihrer Daten an einen anderen Verantwortlichen verlangen.<\/p>\n<p><strong>Beschwerderecht:<\/strong><\/p>\n<p>Sind Sie der Meinung, dass wir bei der Verarbeitung Ihrer Daten gegen deutsches oder europ\u00e4isches Datenschutzrecht versto\u00dfen, so bitten wir Sie, mit uns Kontakt aufzunehmen, um Fragen aufkl\u00e4ren zu k\u00f6nnen. Sie haben selbstverst\u00e4ndlich auch das Recht, sich an die f\u00fcr Sie zust\u00e4ndige Aufsichtsbeh\u00f6rde, das jeweilige Landesamt f\u00fcr Datenschutzaufsicht, zu wenden.<\/p>\n<p>Sofern Sie eines der genannten Rechte uns gegen\u00fcber geltend machen wollen, so wenden Sie sich bitte an unseren Datenschutzbeauftragten. Im Zweifel k\u00f6nnen wir zus\u00e4tzliche Informationen zur Best\u00e4tigung Ihrer Identit\u00e4t anfordern.<\/p>\n<p><strong>Widerrufsrecht der Einwilligung<\/strong><\/p>\n<p>Verarbeiten wir Ihre Daten aufgrund einer Einwilligung, so k\u00f6nnen Sie diese jederzeit widerrufen, ohne dass die Rechtm\u00e4\u00dfigkeit, der aufgrund der Einwilligung bis zum Widerruf erfolgten Verarbeitung ber\u00fchrt wird.<\/p>\n<p>Sofern Sie eines der genannten Rechte uns gegen\u00fcber geltend machen wollen, so wenden Sie sich bitte an unseren Datenschutzbeauftragten. Im Zweifel k\u00f6nnen wir zus\u00e4tzliche Informationen zur Best\u00e4tigung Ihrer Identit\u00e4t anfordern.<\/p>\n<p>F\u00fcr die Umsetzung dieser Rechte gem\u00e4\u00df Artikel 15-20 der DSGVO hinsichtlich der von Google nach der gemeinsamen Verarbeitung gespeicherten Daten, ist allein Google zust\u00e4ndig. Ein Widerspruchs- und Beschwerderecht, wie hier\u00fcber beschrieben, haben Sie auch uns gegen\u00fcber.<\/p>\n<p>&nbsp;<\/p>\n<p>Sollten Sie dabei Unterst\u00fctzung ben\u00f6tigen oder anderweitige Fragen haben, dann kontaktieren Sie uns gerne telefonisch unter 040-6042987-0 oder per E-Mail an info@enportal.de. Wenn Sie die hier beschriebenen Datenverarbeitungen zuk\u00fcnftig nicht mehr w\u00fcnschen, dann heben Sie bitte durch Nutzung der Funktionen \u201eDiese Seite gef\u00e4llt mir nicht mehr\u201c und\/oder \u201eDiese Seite nicht mehr abonnieren\u201c die Verbindung Ihres Benutzer-Profils unserer Seite auf.<\/p>\n<p>Haben Sie fragen zum Datenschutz so k\u00f6nnen Sie sich auch gerne an unserer Datenschutzbeauftragten wenden, unter:<\/p>\n<p>&nbsp;<\/p>\n<p>Richard S\u00f6ldner<\/p>\n<p>RSCF GmbH<\/p>\n<p>Sarmanna-Stra\u00dfe 1<\/p>\n<p>93049 Regensburg<\/p>\n<p>E-Mail: <a href=\"mailto:info@rscf.de\">info@rscf.de<\/a><\/p>\n<p>Tel.: +49 (0)941-850 992 00<\/p>\n<p>&nbsp;<\/p>\n<p>&nbsp;<\/p>\n","protected":false},"excerpt":{"rendered":"<p>Impressum enPORTAL GmbH Gesch\u00e4ftsf\u00fchrung: Assessor jur. Clemens Graf von Wedel Moordiek 1 D-23820 Pronstorf Tel.: +49 (0)40 \u2013 604 29 87-0 Mail:\u00a0info@enportal.de URL:\u00a0www.enportal.de Amtsgericht Kiel HRB 22593 Steuernummer.: 1129714369 Umsatzsteuer-Identifikationsnr.: DE260447746 Berufshaftpflichtversicherung: Hiscox AG, Oberanger 28, D-80331 M\u00fcnchen &nbsp; Datenschutzerkl\u00e4rung Youtube Verantwortliche Stellen: &nbsp; YouTube LLC, 901 Cherry Ave., San Bruno, CA 94066, USA. Die [&hellip;]<\/p>\n","protected":false},"author":5,"featured_media":0,"parent":0,"menu_order":0,"comment_status":"closed","ping_status":"closed","template":"templates\/template-privacy.php","meta":{"_acf_changed":false,"inline_featured_image":false,"footnotes":""},"class_list":["post-2949","page","type-page","status-publish","hentry"],"acf":[],"_links":{"self":[{"href":"https:\/\/www.enportal.de\/connect\/wp-json\/wp\/v2\/pages\/2949","targetHints":{"allow":["GET"]}}],"collection":[{"href":"https:\/\/www.enportal.de\/connect\/wp-json\/wp\/v2\/pages"}],"about":[{"href":"https:\/\/www.enportal.de\/connect\/wp-json\/wp\/v2\/types\/page"}],"author":[{"embeddable":true,"href":"https:\/\/www.enportal.de\/connect\/wp-json\/wp\/v2\/users\/5"}],"replies":[{"embeddable":true,"href":"https:\/\/www.enportal.de\/connect\/wp-json\/wp\/v2\/comments?post=2949"}],"version-history":[{"count":5,"href":"https:\/\/www.enportal.de\/connect\/wp-json\/wp\/v2\/pages\/2949\/revisions"}],"predecessor-version":[{"id":5721,"href":"https:\/\/www.enportal.de\/connect\/wp-json\/wp\/v2\/pages\/2949\/revisions\/5721"}],"wp:attachment":[{"href":"https:\/\/www.enportal.de\/connect\/wp-json\/wp\/v2\/media?parent=2949"}],"curies":[{"name":"wp","href":"https:\/\/api.w.org\/{rel}","templated":true}]}}